{"id":90,"date":"2024-02-05T09:52:06","date_gmt":"2024-02-05T08:52:06","guid":{"rendered":"https:\/\/www.orgues-schuetz.com\/?page_id=90"},"modified":"2024-02-07T12:28:32","modified_gmt":"2024-02-07T11:28:32","slug":"le-savoir","status":"publish","type":"page","link":"http:\/\/www.orgues-schuetz.com\/index.php\/le-savoir\/","title":{"rendered":"Le savoir"},"content":{"rendered":"\t\t<div data-elementor-type=\"wp-page\" data-elementor-id=\"90\" class=\"elementor elementor-90\">\n\t\t\t\t<div class=\"elementor-element elementor-element-50ca934 e-flex e-con-boxed e-con e-parent\" data-id=\"50ca934\" data-element_type=\"container\" data-e-type=\"container\">\n\t\t\t\t\t<div class=\"e-con-inner\">\n\t\t\t\t<div class=\"elementor-element elementor-element-1c30ec2 elementor-widget elementor-widget-heading\" data-id=\"1c30ec2\" data-element_type=\"widget\" data-e-type=\"widget\" data-widget_type=\"heading.default\">\n\t\t\t\t<div class=\"elementor-widget-container\">\n\t\t\t\t\t<h1 class=\"elementor-heading-title elementor-size-default\">Le savoir-faire<\/h1>\t\t\t\t<\/div>\n\t\t\t\t<\/div>\n\t\t\t\t\t<\/div>\n\t\t\t\t<\/div>\n\t\t<div class=\"elementor-element elementor-element-7b65ac7 e-flex e-con-boxed e-con e-parent\" data-id=\"7b65ac7\" data-element_type=\"container\" data-e-type=\"container\">\n\t\t\t\t\t<div class=\"e-con-inner\">\n\t\t\t\t<div class=\"elementor-element elementor-element-8bc31e1 animated-slow elementor-invisible elementor-widget elementor-widget-text-editor\" data-id=\"8bc31e1\" data-element_type=\"widget\" data-e-type=\"widget\" data-settings=\"{&quot;_animation&quot;:&quot;fadeIn&quot;,&quot;_animation_delay&quot;:0}\" data-widget_type=\"text-editor.default\">\n\t\t\t\t<div class=\"elementor-widget-container\">\n\t\t\t\t\t\t\t\t\t<h3><strong><span style=\"color: #1395bd;\">Un savoir-faire au service de l\u2019exigence<\/span> <\/strong><\/h3><p>Notre atelier est attach\u00e9 \u00e0 la qualit\u00e9 de production artisanale des m\u00e9tiers d\u2019arts, \u00e0 toutes les \u00e9tapes de la r\u00e9alisation, dans le respect du savoir-faire et de la tradition de la musique m\u00e9canique et des techniques ancestrales (m\u00e9canique, menuiserie, \u00e9b\u00e9nisterie et marqueterie). Pour la conception et la fabrication traditionnelle des instruments, l\u2019ensemble des pi\u00e8ces des orgues de barbarie sont fa\u00e7onn\u00e9es dans les ateliers. Avec une ma\u00eetrise des m\u00e9thodes de fabrication, nous essayons de r\u00e9pondre \u00e0 notre objectif d\u2019excellence et \u00e0 votre exigence. Un souci tr\u00e8s particulier est apport\u00e9 \u00e0 la musicalit\u00e9, la tonalit\u00e9 et la justesse des instruments que nous r\u00e9alisons ou que nous restaurons.<\/p>\t\t\t\t\t\t\t\t<\/div>\n\t\t\t\t<\/div>\n\t\t\t\t\t<\/div>\n\t\t\t\t<\/div>\n\t\t<div class=\"elementor-element elementor-element-7868105 e-flex e-con-boxed e-con e-parent\" data-id=\"7868105\" data-element_type=\"container\" data-e-type=\"container\">\n\t\t\t\t\t<div class=\"e-con-inner\">\n\t\t\t\t<div class=\"elementor-element elementor-element-fd41679 elementor-invisible elementor-widget elementor-widget-text-editor\" data-id=\"fd41679\" data-element_type=\"widget\" data-e-type=\"widget\" data-settings=\"{&quot;_animation&quot;:&quot;fadeInLeft&quot;}\" data-widget_type=\"text-editor.default\">\n\t\t\t\t<div class=\"elementor-widget-container\">\n\t\t\t\t\t\t\t\t\t<div id=\"metaslider-id-111\" style=\"width: 100%;\" class=\"ml-slider-3-108-0 metaslider metaslider-flex metaslider-111 ml-slider ms-theme-outline nav-hidden\" role=\"region\" aria-label=\"ATELIER\" data-height=\"300\" data-width=\"700\">\n    <div id=\"metaslider_container_111\">\n        <div id=\"metaslider_111\">\n            <ul class='slides'>\n                <li style=\"display: block; width: 100%;\" class=\"slide-137 ms-image \" aria-roledescription=\"slide\" data-date=\"2024-02-05 11:06:50\" data-filename=\"ATELIER1-700x300.jpg\" data-slide-type=\"image\"><img fetchpriority=\"high\" decoding=\"async\" src=\"https:\/\/i0.wp.com\/www.orgues-schuetz.com\/wp-content\/uploads\/2024\/02\/ATELIER1.jpg?resize=700%2C300\" height=\"300\" width=\"700\" alt=\"\" class=\"slider-111 slide-137 msDefaultImage\" title=\"ATELIER1\" data-recalc-dims=\"1\" \/><\/li>\n                <li style=\"display: none; width: 100%;\" class=\"slide-138 ms-image \" aria-roledescription=\"slide\" data-date=\"2024-02-05 11:06:50\" data-filename=\"ATELIER2-700x300.jpg\" data-slide-type=\"image\"><img decoding=\"async\" data-src=\"https:\/\/i0.wp.com\/www.orgues-schuetz.com\/wp-content\/uploads\/2024\/02\/ATELIER2.jpg?resize=700%2C300\" height=\"300\" width=\"700\" alt=\"\" class=\"slider-111 slide-138 msDefaultImage lazyload\" title=\"ATELIER2\" data-recalc-dims=\"1\" src=\"data:image\/svg+xml;base64,PHN2ZyB3aWR0aD0iMSIgaGVpZ2h0PSIxIiB4bWxucz0iaHR0cDovL3d3dy53My5vcmcvMjAwMC9zdmciPjwvc3ZnPg==\" style=\"--smush-placeholder-width: 700px; --smush-placeholder-aspect-ratio: 700\/300;\" \/><\/li>\n                <li style=\"display: none; width: 100%;\" class=\"slide-139 ms-image \" aria-roledescription=\"slide\" data-date=\"2024-02-05 11:06:50\" data-filename=\"ATELIER3-700x300.jpg\" data-slide-type=\"image\"><img decoding=\"async\" data-src=\"https:\/\/i0.wp.com\/www.orgues-schuetz.com\/wp-content\/uploads\/2024\/02\/ATELIER3.jpg?resize=700%2C300\" height=\"300\" width=\"700\" alt=\"\" class=\"slider-111 slide-139 msDefaultImage lazyload\" title=\"ATELIER3\" data-recalc-dims=\"1\" src=\"data:image\/svg+xml;base64,PHN2ZyB3aWR0aD0iMSIgaGVpZ2h0PSIxIiB4bWxucz0iaHR0cDovL3d3dy53My5vcmcvMjAwMC9zdmciPjwvc3ZnPg==\" style=\"--smush-placeholder-width: 700px; --smush-placeholder-aspect-ratio: 700\/300;\" \/><\/li>\n                <li style=\"display: none; width: 100%;\" class=\"slide-140 ms-image \" aria-roledescription=\"slide\" data-date=\"2024-02-05 11:06:50\" data-filename=\"ATELIER4-700x300.jpg\" data-slide-type=\"image\"><img decoding=\"async\" data-src=\"https:\/\/i0.wp.com\/www.orgues-schuetz.com\/wp-content\/uploads\/2024\/02\/ATELIER4.jpg?resize=700%2C300\" height=\"300\" width=\"700\" alt=\"\" class=\"slider-111 slide-140 msDefaultImage lazyload\" title=\"ATELIER4\" data-recalc-dims=\"1\" src=\"data:image\/svg+xml;base64,PHN2ZyB3aWR0aD0iMSIgaGVpZ2h0PSIxIiB4bWxucz0iaHR0cDovL3d3dy53My5vcmcvMjAwMC9zdmciPjwvc3ZnPg==\" style=\"--smush-placeholder-width: 700px; --smush-placeholder-aspect-ratio: 700\/300;\" \/><\/li>\n                <li style=\"display: none; width: 100%;\" class=\"slide-141 ms-image \" aria-roledescription=\"slide\" data-date=\"2024-02-05 11:06:50\" data-filename=\"ATELIER5-700x300.jpg\" data-slide-type=\"image\"><img decoding=\"async\" data-src=\"https:\/\/i0.wp.com\/www.orgues-schuetz.com\/wp-content\/uploads\/2024\/02\/ATELIER5.jpg?resize=700%2C300\" height=\"300\" width=\"700\" alt=\"\" class=\"slider-111 slide-141 msDefaultImage lazyload\" title=\"ATELIER5\" data-recalc-dims=\"1\" src=\"data:image\/svg+xml;base64,PHN2ZyB3aWR0aD0iMSIgaGVpZ2h0PSIxIiB4bWxucz0iaHR0cDovL3d3dy53My5vcmcvMjAwMC9zdmciPjwvc3ZnPg==\" style=\"--smush-placeholder-width: 700px; --smush-placeholder-aspect-ratio: 700\/300;\" \/><\/li>\n            <\/ul>\n        <\/div>\n        \n    <\/div>\n<\/div>\t\t\t\t\t\t\t\t<\/div>\n\t\t\t\t<\/div>\n\t\t\t\t\t<\/div>\n\t\t\t\t<\/div>\n\t\t<div class=\"elementor-element elementor-element-2a0bf37 e-flex e-con-boxed e-con e-parent\" data-id=\"2a0bf37\" data-element_type=\"container\" data-e-type=\"container\">\n\t\t\t\t\t<div class=\"e-con-inner\">\n\t\t\t\t<div class=\"elementor-element elementor-element-e4716ac animated-slow elementor-invisible elementor-widget elementor-widget-text-editor\" data-id=\"e4716ac\" data-element_type=\"widget\" data-e-type=\"widget\" data-settings=\"{&quot;_animation&quot;:&quot;fadeIn&quot;}\" data-widget_type=\"text-editor.default\">\n\t\t\t\t<div class=\"elementor-widget-container\">\n\t\t\t\t\t\t\t\t\t<h3><strong>La qualit\u00e9 des mat\u00e9riaux<\/strong><\/h3><p>Une attention particuli\u00e8re est port\u00e9e au choix et au caract\u00e8re des mat\u00e9riaux utilis\u00e9s pour garantir une qualit\u00e9 et une richesse optimale du son et la meilleure utilisation et conservation dans le temps de chaque instrument. Laitons bruts, qualit\u00e9 des peaux (provenance Allemagne ou Portugal), colle d&rsquo;os, \u2026 Choix particulier des essences de bois (fr\u00eane, ch\u00eane, platane, poirier, noyer et autres \u2026) conjugu\u00e9 \u00e0 un approvisionnement local qui nous permet le contr\u00f4le et le suivi de l\u2019affinage et de la maturation du bois \u00e0 toutes les \u00e9tapes, de la coupe au s\u00e9chage naturel.<\/p>\t\t\t\t\t\t\t\t<\/div>\n\t\t\t\t<\/div>\n\t\t\t\t\t<\/div>\n\t\t\t\t<\/div>\n\t\t<div class=\"elementor-element elementor-element-6c967f9 e-flex e-con-boxed e-con e-parent\" data-id=\"6c967f9\" data-element_type=\"container\" data-e-type=\"container\">\n\t\t\t\t\t<div class=\"e-con-inner\">\n\t\t\t\t<div class=\"elementor-element elementor-element-6f6de62 elementor-invisible elementor-widget elementor-widget-text-editor\" data-id=\"6f6de62\" data-element_type=\"widget\" data-e-type=\"widget\" data-settings=\"{&quot;_animation&quot;:&quot;fadeInLeft&quot;}\" data-widget_type=\"text-editor.default\">\n\t\t\t\t<div class=\"elementor-widget-container\">\n\t\t\t\t\t\t\t\t\t<div id=\"metaslider-id-112\" style=\"width: 100%;\" class=\"ml-slider-3-108-0 metaslider metaslider-flex metaslider-112 ml-slider ms-theme-outline nav-hidden nav-hidden\" role=\"region\" aria-label=\"MATERIAUX\" data-height=\"450\" data-width=\"800\">\n    <div id=\"metaslider_container_112\">\n        <div id=\"metaslider_112\">\n            <ul class='slides'>\n                <li style=\"display: block; width: 100%;\" class=\"slide-119 ms-image \" aria-roledescription=\"slide\" data-date=\"2024-02-05 10:50:12\" data-filename=\"MATERIAU1.jpg\" data-slide-type=\"image\"><img decoding=\"async\" data-src=\"https:\/\/i0.wp.com\/www.orgues-schuetz.com\/wp-content\/uploads\/2024\/02\/MATERIAU1.jpg?resize=800%2C450\" height=\"450\" width=\"800\" alt=\"\" class=\"slider-112 slide-119 msDefaultImage lazyload\" title=\"MATERIAU1\" data-recalc-dims=\"1\" src=\"data:image\/svg+xml;base64,PHN2ZyB3aWR0aD0iMSIgaGVpZ2h0PSIxIiB4bWxucz0iaHR0cDovL3d3dy53My5vcmcvMjAwMC9zdmciPjwvc3ZnPg==\" style=\"--smush-placeholder-width: 800px; --smush-placeholder-aspect-ratio: 800\/450;\" \/><\/li>\n                <li style=\"display: none; width: 100%;\" class=\"slide-120 ms-image \" aria-roledescription=\"slide\" data-date=\"2024-02-05 10:50:22\" data-filename=\"MATERIAU2-800x450.jpg\" data-slide-type=\"image\"><img decoding=\"async\" data-src=\"https:\/\/i0.wp.com\/www.orgues-schuetz.com\/wp-content\/uploads\/2024\/02\/MATERIAU2.jpg?resize=800%2C450\" height=\"450\" width=\"800\" alt=\"\" class=\"slider-112 slide-120 msDefaultImage lazyload\" title=\"MATERIAU2\" data-recalc-dims=\"1\" src=\"data:image\/svg+xml;base64,PHN2ZyB3aWR0aD0iMSIgaGVpZ2h0PSIxIiB4bWxucz0iaHR0cDovL3d3dy53My5vcmcvMjAwMC9zdmciPjwvc3ZnPg==\" style=\"--smush-placeholder-width: 800px; --smush-placeholder-aspect-ratio: 800\/450;\" \/><\/li>\n                <li style=\"display: none; width: 100%;\" class=\"slide-121 ms-image \" aria-roledescription=\"slide\" data-date=\"2024-02-05 10:50:31\" data-filename=\"MATERIAU3-800x450.jpg\" data-slide-type=\"image\"><img decoding=\"async\" data-src=\"https:\/\/i0.wp.com\/www.orgues-schuetz.com\/wp-content\/uploads\/2024\/02\/MATERIAU3.jpg?resize=800%2C450\" height=\"450\" width=\"800\" alt=\"\" class=\"slider-112 slide-121 msDefaultImage lazyload\" title=\"MATERIAU3\" data-recalc-dims=\"1\" src=\"data:image\/svg+xml;base64,PHN2ZyB3aWR0aD0iMSIgaGVpZ2h0PSIxIiB4bWxucz0iaHR0cDovL3d3dy53My5vcmcvMjAwMC9zdmciPjwvc3ZnPg==\" style=\"--smush-placeholder-width: 800px; --smush-placeholder-aspect-ratio: 800\/450;\" \/><\/li>\n                <li style=\"display: none; width: 100%;\" class=\"slide-130 ms-image \" aria-roledescription=\"slide\" data-date=\"2024-02-05 10:56:48\" data-filename=\"MATERIAU7-800x450.jpg\" data-slide-type=\"image\"><img decoding=\"async\" data-src=\"https:\/\/i0.wp.com\/www.orgues-schuetz.com\/wp-content\/uploads\/2024\/02\/MATERIAU7.jpg?resize=800%2C450\" height=\"450\" width=\"800\" alt=\"\" class=\"slider-112 slide-130 msDefaultImage lazyload\" title=\"MATERIAU7\" data-recalc-dims=\"1\" src=\"data:image\/svg+xml;base64,PHN2ZyB3aWR0aD0iMSIgaGVpZ2h0PSIxIiB4bWxucz0iaHR0cDovL3d3dy53My5vcmcvMjAwMC9zdmciPjwvc3ZnPg==\" style=\"--smush-placeholder-width: 800px; --smush-placeholder-aspect-ratio: 800\/450;\" \/><\/li>\n                <li style=\"display: none; width: 100%;\" class=\"slide-122 ms-image \" aria-roledescription=\"slide\" data-date=\"2024-02-05 10:50:40\" data-filename=\"MATERIAU4-800x450.jpg\" data-slide-type=\"image\"><img decoding=\"async\" data-src=\"https:\/\/i0.wp.com\/www.orgues-schuetz.com\/wp-content\/uploads\/2024\/02\/MATERIAU4.jpg?resize=800%2C450\" height=\"450\" width=\"800\" alt=\"\" class=\"slider-112 slide-122 msDefaultImage lazyload\" title=\"MATERIAU4\" data-recalc-dims=\"1\" src=\"data:image\/svg+xml;base64,PHN2ZyB3aWR0aD0iMSIgaGVpZ2h0PSIxIiB4bWxucz0iaHR0cDovL3d3dy53My5vcmcvMjAwMC9zdmciPjwvc3ZnPg==\" style=\"--smush-placeholder-width: 800px; --smush-placeholder-aspect-ratio: 800\/450;\" \/><\/li>\n                <li style=\"display: none; width: 100%;\" class=\"slide-124 ms-image \" aria-roledescription=\"slide\" data-date=\"2024-02-05 10:50:57\" data-filename=\"MATERIAU5-800x450.jpg\" data-slide-type=\"image\"><img decoding=\"async\" data-src=\"https:\/\/i0.wp.com\/www.orgues-schuetz.com\/wp-content\/uploads\/2024\/02\/MATERIAU5.jpg?resize=800%2C450\" height=\"450\" width=\"800\" alt=\"\" class=\"slider-112 slide-124 msDefaultImage lazyload\" title=\"MATERIAU5\" data-recalc-dims=\"1\" src=\"data:image\/svg+xml;base64,PHN2ZyB3aWR0aD0iMSIgaGVpZ2h0PSIxIiB4bWxucz0iaHR0cDovL3d3dy53My5vcmcvMjAwMC9zdmciPjwvc3ZnPg==\" style=\"--smush-placeholder-width: 800px; --smush-placeholder-aspect-ratio: 800\/450;\" \/><\/li>\n                <li style=\"display: none; width: 100%;\" class=\"slide-131 ms-image \" aria-roledescription=\"slide\" data-date=\"2024-02-05 10:56:48\" data-filename=\"MATERIAU8-800x450.jpg\" data-slide-type=\"image\"><img decoding=\"async\" data-src=\"https:\/\/i0.wp.com\/www.orgues-schuetz.com\/wp-content\/uploads\/2024\/02\/MATERIAU8.jpg?resize=800%2C450\" height=\"450\" width=\"800\" alt=\"\" class=\"slider-112 slide-131 msDefaultImage lazyload\" title=\"MATERIAU8\" data-recalc-dims=\"1\" src=\"data:image\/svg+xml;base64,PHN2ZyB3aWR0aD0iMSIgaGVpZ2h0PSIxIiB4bWxucz0iaHR0cDovL3d3dy53My5vcmcvMjAwMC9zdmciPjwvc3ZnPg==\" style=\"--smush-placeholder-width: 800px; --smush-placeholder-aspect-ratio: 800\/450;\" \/><\/li>\n            <\/ul>\n        <\/div>\n        \n    <\/div>\n<\/div>\t\t\t\t\t\t\t\t<\/div>\n\t\t\t\t<\/div>\n\t\t\t\t\t<\/div>\n\t\t\t\t<\/div>\n\t\t\t\t<\/div>\n\t\t","protected":false},"excerpt":{"rendered":"<p>Le savoir-faire Un savoir-faire au service de l\u2019exigence Notre atelier est attach\u00e9 \u00e0 la qualit\u00e9 de production artisanale des m\u00e9tiers d\u2019arts, \u00e0 toutes les \u00e9tapes de la r\u00e9alisation, dans le respect du savoir-faire et de la tradition de la musique m\u00e9canique et des techniques ancestrales (m\u00e9canique, menuiserie, \u00e9b\u00e9nisterie et marqueterie). Pour la conception et la [&hellip;]<\/p>\n","protected":false},"author":1,"featured_media":0,"parent":0,"menu_order":0,"comment_status":"closed","ping_status":"closed","template":"","meta":{"footnotes":""},"class_list":["post-90","page","type-page","status-publish","hentry","entry"],"jetpack_sharing_enabled":true,"_links":{"self":[{"href":"http:\/\/www.orgues-schuetz.com\/index.php\/wp-json\/wp\/v2\/pages\/90","targetHints":{"allow":["GET"]}}],"collection":[{"href":"http:\/\/www.orgues-schuetz.com\/index.php\/wp-json\/wp\/v2\/pages"}],"about":[{"href":"http:\/\/www.orgues-schuetz.com\/index.php\/wp-json\/wp\/v2\/types\/page"}],"author":[{"embeddable":true,"href":"http:\/\/www.orgues-schuetz.com\/index.php\/wp-json\/wp\/v2\/users\/1"}],"replies":[{"embeddable":true,"href":"http:\/\/www.orgues-schuetz.com\/index.php\/wp-json\/wp\/v2\/comments?post=90"}],"version-history":[{"count":42,"href":"http:\/\/www.orgues-schuetz.com\/index.php\/wp-json\/wp\/v2\/pages\/90\/revisions"}],"predecessor-version":[{"id":527,"href":"http:\/\/www.orgues-schuetz.com\/index.php\/wp-json\/wp\/v2\/pages\/90\/revisions\/527"}],"wp:attachment":[{"href":"http:\/\/www.orgues-schuetz.com\/index.php\/wp-json\/wp\/v2\/media?parent=90"}],"curies":[{"name":"wp","href":"https:\/\/api.w.org\/{rel}","templated":true}]}}